{"id":122,"date":"2020-04-14T08:09:02","date_gmt":"2020-04-14T08:09:02","guid":{"rendered":"https:\/\/www.villanuevadecordoba.com\/turismo\/?page_id=122"},"modified":"2020-04-14T08:23:26","modified_gmt":"2020-04-14T08:23:26","slug":"museo-de-historia-local","status":"publish","type":"page","link":"https:\/\/www.villanuevadecordoba.com\/turismo\/museo-de-historia-local\/","title":{"rendered":"Museo de Historia Local"},"content":{"rendered":"<div class=\"row\"> <div class=\"col-md-6\">\n<p><img loading=\"lazy\" decoding=\"async\" class=\"alignnone wp-image-123\" src=\"https:\/\/www.villanuevadecordoba.com\/turismo\/wp-content\/uploads\/2020\/04\/fotograf\u00eda-1.jpg\" alt=\"\" width=\"518\" height=\"345\" srcset=\"https:\/\/www.villanuevadecordoba.com\/turismo\/wp-content\/uploads\/2020\/04\/fotograf\u00eda-1.jpg 600w, https:\/\/www.villanuevadecordoba.com\/turismo\/wp-content\/uploads\/2020\/04\/fotograf\u00eda-1-300x200.jpg 300w\" sizes=\"auto, (max-width: 518px) 100vw, 518px\" \/><\/p>\n<\/div><div class=\"col-md-6\">\n<p>&nbsp;<\/p>\n<p>El Museo de Historia Local de Villanueva de C\u00f3rdoba se ubica en una antigua estaci\u00f3n de ferrocarril. Dicho edificio fue construido entre 1906 y 1907, siendo gestionado en sus primeros a\u00f1os por la Sociedad Minera y Metal\u00fargica de Pe\u00f1arroya-Pueblonuevo. El destino de esta l\u00ednea, que un\u00eda Pe\u00f1arroya con Puertollano, era el transporte de materiales mineros, pero tambi\u00e9n sirvi\u00f3 para el trasiego de pasajeros.<\/p>\n<p>Ser\u00e1 en los a\u00f1os 50, con la crisis minera, cuando esta l\u00ednea de ferrocarril pase a ser gestionada por dos empresas estatales EFE\u00a0 (Explotaci\u00f3n Ferrocarriles por el Estado) y FEVE (Ferrocarriles V\u00eda Estrecha); hasta su cierre definitivo el 1 de agosto de 1970.<\/p>\n<p>Hoy d\u00eda podemos ver en el edificio los rasgos caracter\u00edsticos de las casetas de tren, como son: anchas paredes de piedra encaladas en blanco, dinteles y marcos de puertas y ventanas en ladrillo, y el alero que cubre la parte destinada a las mercanc\u00edas.<\/p>\n<\/div><\/div>\n<p>&nbsp;<\/p>\n<p><strong>INFORMACI\u00d3N DE INTER\u00c9S.<\/strong><\/p>\n<p>Direcci\u00f3n:\u00a0Paseo de Andaluc\u00eda, s\/n. Villanueva de C\u00f3rdoba (C\u00f3rdoba, 14440)<\/p>\n<p>Tarifas:\u00a0Entrada gratuita.<\/p>\n<p>Horario:\u00a0Martes a viernes de 9:00 a 14:00 horas.\u00a0S\u00e1bados, domingos y festivos de 10:00 a 14:00 horas.\u00a0Lunes cerrado.<\/p>\n<p>Informaci\u00f3n, actividades y reservas:\u00a0643816332<\/p>\n<p>museo@villanuevadecordoba.com &#8211;\u00a0<a href=\"https:\/\/museovillanuevadecordoba.com\" target=\"_blank\" rel=\"noopener noreferrer\">https:\/\/museovillanuevadecordoba.com<\/a><\/p>\n<p>Grupos:\u00a0Las visitas en grupo se deben concertar con antelaci\u00f3n. La capacidad es de unas 10-15 personas, por tanto, si es un grupo mayor, deben de hacerse turnos.<\/p>\n<p>&nbsp;<\/p>\n<p><strong>RECEPCI\u00d3N Y TIENDA.<\/strong><\/p>\n<p><img loading=\"lazy\" decoding=\"async\" class=\"alignnone size-full wp-image-125\" src=\"https:\/\/www.villanuevadecordoba.com\/turismo\/wp-content\/uploads\/2020\/04\/Fotograf\u00eda-3.jpg\" alt=\"\" width=\"600\" height=\"400\" srcset=\"https:\/\/www.villanuevadecordoba.com\/turismo\/wp-content\/uploads\/2020\/04\/Fotograf\u00eda-3.jpg 600w, https:\/\/www.villanuevadecordoba.com\/turismo\/wp-content\/uploads\/2020\/04\/Fotograf\u00eda-3-300x200.jpg 300w\" sizes=\"auto, (max-width: 600px) 100vw, 600px\" \/> <img loading=\"lazy\" decoding=\"async\" class=\"alignnone size-full wp-image-124\" src=\"https:\/\/www.villanuevadecordoba.com\/turismo\/wp-content\/uploads\/2020\/04\/Fotograf\u00eda-2.jpg\" alt=\"\" width=\"600\" height=\"400\" srcset=\"https:\/\/www.villanuevadecordoba.com\/turismo\/wp-content\/uploads\/2020\/04\/Fotograf\u00eda-2.jpg 600w, https:\/\/www.villanuevadecordoba.com\/turismo\/wp-content\/uploads\/2020\/04\/Fotograf\u00eda-2-300x200.jpg 300w\" sizes=\"auto, (max-width: 600px) 100vw, 600px\" \/><\/p>\n<p>&nbsp;<\/p>\n<p><strong>SALA DE AUDIOVISUALES Y ACTIVIDADES.<\/strong><\/p>\n<p>Esta sala cuenta con una pantalla y proyector que permite la realizaci\u00f3n de charlas, conferencias, coloquios, jornadas y actividades de diverso tipo.<\/p>\n<p><img loading=\"lazy\" decoding=\"async\" class=\"alignnone size-full wp-image-126\" src=\"https:\/\/www.villanuevadecordoba.com\/turismo\/wp-content\/uploads\/2020\/04\/Fotograf\u00eda-4.jpg\" alt=\"\" width=\"600\" height=\"400\" srcset=\"https:\/\/www.villanuevadecordoba.com\/turismo\/wp-content\/uploads\/2020\/04\/Fotograf\u00eda-4.jpg 600w, https:\/\/www.villanuevadecordoba.com\/turismo\/wp-content\/uploads\/2020\/04\/Fotograf\u00eda-4-300x200.jpg 300w\" sizes=\"auto, (max-width: 600px) 100vw, 600px\" \/><\/p>\n<p>&nbsp;<\/p>\n<p><strong>SALA EXPOSITIVA.<\/strong><\/p>\n<p>La sala expositiva consiste en un pasillo que va rodeando un cubo central donde se encuentran recreaciones de diversos elementos de inter\u00e9s del municipio de Villanueva de C\u00f3rdoba, lo que permite acercarlos a todo los visitantes. Esta sala cuenta con distintas secciones ordenadas cronol\u00f3gicamente.<\/p>\n<p><img loading=\"lazy\" decoding=\"async\" class=\"alignnone size-full wp-image-127\" src=\"https:\/\/www.villanuevadecordoba.com\/turismo\/wp-content\/uploads\/2020\/04\/Fotograf\u00eda-5.jpg\" alt=\"\" width=\"600\" height=\"400\" srcset=\"https:\/\/www.villanuevadecordoba.com\/turismo\/wp-content\/uploads\/2020\/04\/Fotograf\u00eda-5.jpg 600w, https:\/\/www.villanuevadecordoba.com\/turismo\/wp-content\/uploads\/2020\/04\/Fotograf\u00eda-5-300x200.jpg 300w\" sizes=\"auto, (max-width: 600px) 100vw, 600px\" \/> <img loading=\"lazy\" decoding=\"async\" class=\"alignnone size-full wp-image-128\" src=\"https:\/\/www.villanuevadecordoba.com\/turismo\/wp-content\/uploads\/2020\/04\/Fotograf\u00eda-6.jpg\" alt=\"\" width=\"600\" height=\"400\" srcset=\"https:\/\/www.villanuevadecordoba.com\/turismo\/wp-content\/uploads\/2020\/04\/Fotograf\u00eda-6.jpg 600w, https:\/\/www.villanuevadecordoba.com\/turismo\/wp-content\/uploads\/2020\/04\/Fotograf\u00eda-6-300x200.jpg 300w\" sizes=\"auto, (max-width: 600px) 100vw, 600px\" \/><\/p>\n<p>&nbsp;<\/p>\n<p><strong>SECCI\u00d3N PREHISTORIA Y AJUAR DEL MINGUILLO IV.<\/strong><\/p>\n<p>Las colecciones del museo albergan piezas desde el Paleol\u00edtico Inferior, lo que permite conocer la evoluci\u00f3n tecnol\u00f3gica y formas de vidas de esas sociedades. Adem\u00e1s, contamos con un interesante ajuar procedente de un enterramiento funerario del III milenio a.C., compuesto por gran cantidad de elementos como puntas de flecha, abalorios, cer\u00e1mica y huesos.<\/p>\n<p><img loading=\"lazy\" decoding=\"async\" class=\"alignnone size-full wp-image-129\" src=\"https:\/\/www.villanuevadecordoba.com\/turismo\/wp-content\/uploads\/2020\/04\/Fotograf\u00eda-7.jpg\" alt=\"\" width=\"600\" height=\"400\" srcset=\"https:\/\/www.villanuevadecordoba.com\/turismo\/wp-content\/uploads\/2020\/04\/Fotograf\u00eda-7.jpg 600w, https:\/\/www.villanuevadecordoba.com\/turismo\/wp-content\/uploads\/2020\/04\/Fotograf\u00eda-7-300x200.jpg 300w\" sizes=\"auto, (max-width: 600px) 100vw, 600px\" \/> <img loading=\"lazy\" decoding=\"async\" class=\"alignnone size-full wp-image-130\" src=\"https:\/\/www.villanuevadecordoba.com\/turismo\/wp-content\/uploads\/2020\/04\/Fotograf\u00eda-8.jpg\" alt=\"\" width=\"600\" height=\"400\" srcset=\"https:\/\/www.villanuevadecordoba.com\/turismo\/wp-content\/uploads\/2020\/04\/Fotograf\u00eda-8.jpg 600w, https:\/\/www.villanuevadecordoba.com\/turismo\/wp-content\/uploads\/2020\/04\/Fotograf\u00eda-8-300x200.jpg 300w\" sizes=\"auto, (max-width: 600px) 100vw, 600px\" \/><img loading=\"lazy\" decoding=\"async\" class=\"alignnone size-full wp-image-133\" src=\"https:\/\/www.villanuevadecordoba.com\/turismo\/wp-content\/uploads\/2020\/04\/Fotogaf\u00eda-16.jpg\" alt=\"\" width=\"600\" height=\"400\" srcset=\"https:\/\/www.villanuevadecordoba.com\/turismo\/wp-content\/uploads\/2020\/04\/Fotogaf\u00eda-16.jpg 600w, https:\/\/www.villanuevadecordoba.com\/turismo\/wp-content\/uploads\/2020\/04\/Fotogaf\u00eda-16-300x200.jpg 300w\" sizes=\"auto, (max-width: 600px) 100vw, 600px\" \/><\/p>\n<p>&nbsp;<\/p>\n<p><strong>SECCI\u00d3N \u00cdBEROS.<\/strong><\/p>\n<p>Esta secci\u00f3n cuenta con una vitrina que contiene interesantes ejemplos de la cer\u00e1mica de esa \u00e9poca, as\u00ed como un atractivo busto de dama \u00edbera.<\/p>\n<p><img loading=\"lazy\" decoding=\"async\" class=\"alignnone size-large wp-image-134\" src=\"https:\/\/www.villanuevadecordoba.com\/turismo\/wp-content\/uploads\/2020\/04\/Fotograf\u00eda-14.jpg\" alt=\"\" width=\"600\" height=\"400\" srcset=\"https:\/\/www.villanuevadecordoba.com\/turismo\/wp-content\/uploads\/2020\/04\/Fotograf\u00eda-14.jpg 600w, https:\/\/www.villanuevadecordoba.com\/turismo\/wp-content\/uploads\/2020\/04\/Fotograf\u00eda-14-300x200.jpg 300w\" sizes=\"auto, (max-width: 600px) 100vw, 600px\" \/> <img loading=\"lazy\" decoding=\"async\" class=\"alignnone size-large wp-image-135\" src=\"https:\/\/www.villanuevadecordoba.com\/turismo\/wp-content\/uploads\/2020\/04\/Fotograf\u00eda-15.jpg\" alt=\"\" width=\"600\" height=\"400\" srcset=\"https:\/\/www.villanuevadecordoba.com\/turismo\/wp-content\/uploads\/2020\/04\/Fotograf\u00eda-15.jpg 600w, https:\/\/www.villanuevadecordoba.com\/turismo\/wp-content\/uploads\/2020\/04\/Fotograf\u00eda-15-300x200.jpg 300w\" sizes=\"auto, (max-width: 600px) 100vw, 600px\" \/><\/p>\n<p>&nbsp;<\/p>\n<h4 style=\"text-align: center;\"><a href=\"https:\/\/museovillanuevadecordoba.com\" target=\"_blank\" rel=\"noopener noreferrer\">+ informaci\u00f3n y actividades en: museovillanuevadecordoba.com<\/a><\/h4>\n","protected":false},"excerpt":{"rendered":"<p>&nbsp; INFORMACI\u00d3N DE INTER\u00c9S. Direcci\u00f3n:\u00a0Paseo de Andaluc\u00eda, s\/n. Villanueva de C\u00f3rdoba (C\u00f3rdoba, 14440) Tarifas:\u00a0Entrada gratuita. Horario:\u00a0Martes a viernes de 9:00 a 14:00 horas.\u00a0S\u00e1bados, domingos y festivos de 10:00 a 14:00 horas.\u00a0Lunes cerrado. Informaci\u00f3n, actividades y reservas:\u00a0643816332 museo@villanuevadecordoba.com &#8211;\u00a0https:\/\/museovillanuevadecordoba.com Grupos:\u00a0Las visitas &hellip; <a href=\"https:\/\/www.villanuevadecordoba.com\/turismo\/museo-de-historia-local\/\">Continuar<\/a><\/p>\n","protected":false},"author":2,"featured_media":0,"parent":0,"menu_order":0,"comment_status":"closed","ping_status":"closed","template":"","meta":{"kt_blocks_editor_width":"","footnotes":""},"class_list":["post-122","page","type-page","status-publish","hentry"],"yoast_head":"<!-- This site is optimized with the Yoast SEO plugin v27.5 - https:\/\/yoast.com\/product\/yoast-seo-wordpress\/ -->\n<title>Museo de Historia Local - Turismo en Villanueva de C\u00f3rdoba<\/title>\n<meta name=\"robots\" content=\"index, follow, max-snippet:-1, max-image-preview:large, max-video-preview:-1\" \/>\n<link rel=\"canonical\" href=\"https:\/\/www.villanuevadecordoba.com\/turismo\/museo-de-historia-local\/\" \/>\n<meta property=\"og:locale\" content=\"es_ES\" \/>\n<meta property=\"og:type\" content=\"article\" \/>\n<meta property=\"og:title\" content=\"Museo de Historia Local - Turismo en Villanueva de C\u00f3rdoba\" \/>\n<meta property=\"og:description\" content=\"&nbsp; INFORMACI\u00d3N DE INTER\u00c9S. Direcci\u00f3n:\u00a0Paseo de Andaluc\u00eda, s\/n. Villanueva de C\u00f3rdoba (C\u00f3rdoba, 14440) Tarifas:\u00a0Entrada gratuita. Horario:\u00a0Martes a viernes de 9:00 a 14:00 horas.\u00a0S\u00e1bados, domingos y festivos de 10:00 a 14:00 horas.\u00a0Lunes cerrado. Informaci\u00f3n, actividades y reservas:\u00a0643816332 museo@villanuevadecordoba.com &#8211;\u00a0https:\/\/museovillanuevadecordoba.com Grupos:\u00a0Las visitas &hellip; Continuar\" \/>\n<meta property=\"og:url\" content=\"https:\/\/www.villanuevadecordoba.com\/turismo\/museo-de-historia-local\/\" \/>\n<meta property=\"og:site_name\" content=\"Turismo en Villanueva de C\u00f3rdoba\" \/>\n<meta property=\"article:publisher\" content=\"https:\/\/www.facebook.com\/turismoVillanuevadeCordoba\/\" \/>\n<meta property=\"article:modified_time\" content=\"2020-04-14T08:23:26+00:00\" \/>\n<meta name=\"twitter:card\" content=\"summary_large_image\" \/>\n<meta name=\"twitter:site\" content=\"@TurismoJarote\" \/>\n<meta name=\"twitter:label1\" content=\"Tiempo de lectura\" \/>\n\t<meta name=\"twitter:data1\" content=\"2 minutos\" \/>\n<script type=\"application\/ld+json\" class=\"yoast-schema-graph\">{\"@context\":\"https:\\\/\\\/schema.org\",\"@graph\":[{\"@type\":\"WebPage\",\"@id\":\"https:\\\/\\\/www.villanuevadecordoba.com\\\/turismo\\\/museo-de-historia-local\\\/\",\"url\":\"https:\\\/\\\/www.villanuevadecordoba.com\\\/turismo\\\/museo-de-historia-local\\\/\",\"name\":\"Museo de Historia Local - Turismo en Villanueva de C\u00f3rdoba\",\"isPartOf\":{\"@id\":\"https:\\\/\\\/www.villanuevadecordoba.com\\\/turismo\\\/#website\"},\"datePublished\":\"2020-04-14T08:09:02+00:00\",\"dateModified\":\"2020-04-14T08:23:26+00:00\",\"breadcrumb\":{\"@id\":\"https:\\\/\\\/www.villanuevadecordoba.com\\\/turismo\\\/museo-de-historia-local\\\/#breadcrumb\"},\"inLanguage\":\"es\",\"potentialAction\":[{\"@type\":\"ReadAction\",\"target\":[\"https:\\\/\\\/www.villanuevadecordoba.com\\\/turismo\\\/museo-de-historia-local\\\/\"]}]},{\"@type\":\"BreadcrumbList\",\"@id\":\"https:\\\/\\\/www.villanuevadecordoba.com\\\/turismo\\\/museo-de-historia-local\\\/#breadcrumb\",\"itemListElement\":[{\"@type\":\"ListItem\",\"position\":1,\"name\":\"Portada\",\"item\":\"https:\\\/\\\/www.villanuevadecordoba.com\\\/turismo\\\/\"},{\"@type\":\"ListItem\",\"position\":2,\"name\":\"Museo de Historia Local\"}]},{\"@type\":\"WebSite\",\"@id\":\"https:\\\/\\\/www.villanuevadecordoba.com\\\/turismo\\\/#website\",\"url\":\"https:\\\/\\\/www.villanuevadecordoba.com\\\/turismo\\\/\",\"name\":\"Turismo en Villanueva de C\u00f3rdoba\",\"description\":\"Turismo en Villanueva de C\u00f3rdoba\",\"publisher\":{\"@id\":\"https:\\\/\\\/www.villanuevadecordoba.com\\\/turismo\\\/#organization\"},\"potentialAction\":[{\"@type\":\"SearchAction\",\"target\":{\"@type\":\"EntryPoint\",\"urlTemplate\":\"https:\\\/\\\/www.villanuevadecordoba.com\\\/turismo\\\/?s={search_term_string}\"},\"query-input\":{\"@type\":\"PropertyValueSpecification\",\"valueRequired\":true,\"valueName\":\"search_term_string\"}}],\"inLanguage\":\"es\"},{\"@type\":\"Organization\",\"@id\":\"https:\\\/\\\/www.villanuevadecordoba.com\\\/turismo\\\/#organization\",\"name\":\"Turismo en Villanueva de C\u00f3rdoba\",\"url\":\"https:\\\/\\\/www.villanuevadecordoba.com\\\/turismo\\\/\",\"logo\":{\"@type\":\"ImageObject\",\"inLanguage\":\"es\",\"@id\":\"https:\\\/\\\/www.villanuevadecordoba.com\\\/turismo\\\/#\\\/schema\\\/logo\\\/image\\\/\",\"url\":\"https:\\\/\\\/www.villanuevadecordoba.com\\\/turismo\\\/wp-content\\\/uploads\\\/2020\\\/04\\\/aguila-e1586771543773.png\",\"contentUrl\":\"https:\\\/\\\/www.villanuevadecordoba.com\\\/turismo\\\/wp-content\\\/uploads\\\/2020\\\/04\\\/aguila-e1586771543773.png\",\"width\":78,\"height\":75,\"caption\":\"Turismo en Villanueva de C\u00f3rdoba\"},\"image\":{\"@id\":\"https:\\\/\\\/www.villanuevadecordoba.com\\\/turismo\\\/#\\\/schema\\\/logo\\\/image\\\/\"},\"sameAs\":[\"https:\\\/\\\/www.facebook.com\\\/turismoVillanuevadeCordoba\\\/\",\"https:\\\/\\\/x.com\\\/TurismoJarote\"]}]}<\/script>\n<!-- \/ Yoast SEO plugin. -->","yoast_head_json":{"title":"Museo de Historia Local - Turismo en Villanueva de C\u00f3rdoba","robots":{"index":"index","follow":"follow","max-snippet":"max-snippet:-1","max-image-preview":"max-image-preview:large","max-video-preview":"max-video-preview:-1"},"canonical":"https:\/\/www.villanuevadecordoba.com\/turismo\/museo-de-historia-local\/","og_locale":"es_ES","og_type":"article","og_title":"Museo de Historia Local - Turismo en Villanueva de C\u00f3rdoba","og_description":"&nbsp; INFORMACI\u00d3N DE INTER\u00c9S. Direcci\u00f3n:\u00a0Paseo de Andaluc\u00eda, s\/n. Villanueva de C\u00f3rdoba (C\u00f3rdoba, 14440) Tarifas:\u00a0Entrada gratuita. Horario:\u00a0Martes a viernes de 9:00 a 14:00 horas.\u00a0S\u00e1bados, domingos y festivos de 10:00 a 14:00 horas.\u00a0Lunes cerrado. Informaci\u00f3n, actividades y reservas:\u00a0643816332 museo@villanuevadecordoba.com &#8211;\u00a0https:\/\/museovillanuevadecordoba.com Grupos:\u00a0Las visitas &hellip; Continuar","og_url":"https:\/\/www.villanuevadecordoba.com\/turismo\/museo-de-historia-local\/","og_site_name":"Turismo en Villanueva de C\u00f3rdoba","article_publisher":"https:\/\/www.facebook.com\/turismoVillanuevadeCordoba\/","article_modified_time":"2020-04-14T08:23:26+00:00","twitter_card":"summary_large_image","twitter_site":"@TurismoJarote","twitter_misc":{"Tiempo de lectura":"2 minutos"},"schema":{"@context":"https:\/\/schema.org","@graph":[{"@type":"WebPage","@id":"https:\/\/www.villanuevadecordoba.com\/turismo\/museo-de-historia-local\/","url":"https:\/\/www.villanuevadecordoba.com\/turismo\/museo-de-historia-local\/","name":"Museo de Historia Local - Turismo en Villanueva de C\u00f3rdoba","isPartOf":{"@id":"https:\/\/www.villanuevadecordoba.com\/turismo\/#website"},"datePublished":"2020-04-14T08:09:02+00:00","dateModified":"2020-04-14T08:23:26+00:00","breadcrumb":{"@id":"https:\/\/www.villanuevadecordoba.com\/turismo\/museo-de-historia-local\/#breadcrumb"},"inLanguage":"es","potentialAction":[{"@type":"ReadAction","target":["https:\/\/www.villanuevadecordoba.com\/turismo\/museo-de-historia-local\/"]}]},{"@type":"BreadcrumbList","@id":"https:\/\/www.villanuevadecordoba.com\/turismo\/museo-de-historia-local\/#breadcrumb","itemListElement":[{"@type":"ListItem","position":1,"name":"Portada","item":"https:\/\/www.villanuevadecordoba.com\/turismo\/"},{"@type":"ListItem","position":2,"name":"Museo de Historia Local"}]},{"@type":"WebSite","@id":"https:\/\/www.villanuevadecordoba.com\/turismo\/#website","url":"https:\/\/www.villanuevadecordoba.com\/turismo\/","name":"Turismo en Villanueva de C\u00f3rdoba","description":"Turismo en Villanueva de C\u00f3rdoba","publisher":{"@id":"https:\/\/www.villanuevadecordoba.com\/turismo\/#organization"},"potentialAction":[{"@type":"SearchAction","target":{"@type":"EntryPoint","urlTemplate":"https:\/\/www.villanuevadecordoba.com\/turismo\/?s={search_term_string}"},"query-input":{"@type":"PropertyValueSpecification","valueRequired":true,"valueName":"search_term_string"}}],"inLanguage":"es"},{"@type":"Organization","@id":"https:\/\/www.villanuevadecordoba.com\/turismo\/#organization","name":"Turismo en Villanueva de C\u00f3rdoba","url":"https:\/\/www.villanuevadecordoba.com\/turismo\/","logo":{"@type":"ImageObject","inLanguage":"es","@id":"https:\/\/www.villanuevadecordoba.com\/turismo\/#\/schema\/logo\/image\/","url":"https:\/\/www.villanuevadecordoba.com\/turismo\/wp-content\/uploads\/2020\/04\/aguila-e1586771543773.png","contentUrl":"https:\/\/www.villanuevadecordoba.com\/turismo\/wp-content\/uploads\/2020\/04\/aguila-e1586771543773.png","width":78,"height":75,"caption":"Turismo en Villanueva de C\u00f3rdoba"},"image":{"@id":"https:\/\/www.villanuevadecordoba.com\/turismo\/#\/schema\/logo\/image\/"},"sameAs":["https:\/\/www.facebook.com\/turismoVillanuevadeCordoba\/","https:\/\/x.com\/TurismoJarote"]}]}},"_links":{"self":[{"href":"https:\/\/www.villanuevadecordoba.com\/turismo\/wp-json\/wp\/v2\/pages\/122","targetHints":{"allow":["GET"]}}],"collection":[{"href":"https:\/\/www.villanuevadecordoba.com\/turismo\/wp-json\/wp\/v2\/pages"}],"about":[{"href":"https:\/\/www.villanuevadecordoba.com\/turismo\/wp-json\/wp\/v2\/types\/page"}],"author":[{"embeddable":true,"href":"https:\/\/www.villanuevadecordoba.com\/turismo\/wp-json\/wp\/v2\/users\/2"}],"replies":[{"embeddable":true,"href":"https:\/\/www.villanuevadecordoba.com\/turismo\/wp-json\/wp\/v2\/comments?post=122"}],"version-history":[{"count":11,"href":"https:\/\/www.villanuevadecordoba.com\/turismo\/wp-json\/wp\/v2\/pages\/122\/revisions"}],"predecessor-version":[{"id":145,"href":"https:\/\/www.villanuevadecordoba.com\/turismo\/wp-json\/wp\/v2\/pages\/122\/revisions\/145"}],"wp:attachment":[{"href":"https:\/\/www.villanuevadecordoba.com\/turismo\/wp-json\/wp\/v2\/media?parent=122"}],"curies":[{"name":"wp","href":"https:\/\/api.w.org\/{rel}","templated":true}]}}